{"id":1422,"date":"2024-05-17T18:14:12","date_gmt":"2024-05-17T16:14:12","guid":{"rendered":"https:\/\/utpr.es\/\/politica-de-qualitat\/"},"modified":"2025-10-01T17:54:02","modified_gmt":"2025-10-01T15:54:02","slug":"politica-de-qualitat","status":"publish","type":"page","link":"https:\/\/utpr.es\/ca\/politica-de-qualitat\/","title":{"rendered":"Pol\u00edtica de qualitat"},"content":{"rendered":"<p>[et_pb_section fb_built=&#8221;1&#8243; admin_label=&#8221;section&#8221; _builder_version=&#8221;4.26.1&#8243; max_width=&#8221;1000px&#8221; module_alignment=&#8221;center&#8221; global_colors_info=&#8221;{}&#8221;][et_pb_row admin_label=&#8221;row&#8221; _builder_version=&#8221;4.16&#8243; background_size=&#8221;initial&#8221; background_position=&#8221;top_left&#8221; background_repeat=&#8221;repeat&#8221; global_colors_info=&#8221;{}&#8221;][et_pb_column type=&#8221;4_4&#8243; _builder_version=&#8221;4.16&#8243; custom_padding=&#8221;|||&#8221; global_colors_info=&#8221;{}&#8221; custom_padding__hover=&#8221;|||&#8221;][et_pb_text _builder_version=&#8221;4.27.4&#8243; _module_preset=&#8221;default&#8221; hover_enabled=&#8221;0&#8243; global_colors_info=&#8221;{}&#8221; admin_label=&#8221;T\u00edtulo&#8221; sticky_enabled=&#8221;0&#8243;]<\/p>\n<h1 style=\"text-align: center;\">Pol\u00edtica de qualitat<\/h1>\n<p>[\/et_pb_text][et_pb_text admin_label=&#8221;Text&#8221; _builder_version=&#8221;4.27.4&#8243; background_size=&#8221;initial&#8221; background_position=&#8221;top_left&#8221; background_repeat=&#8221;repeat&#8221; hover_enabled=&#8221;0&#8243; global_colors_info=&#8221;{}&#8221; sticky_enabled=&#8221;0&#8243;]<\/p>\n<p>TECNODOSIS, va obtenir l&#8217;any 1994 l&#8217;autoritzaci\u00f3 pel Consell de Seguretat Nuclear (CSN) per a prestar serveis com a Unitat T\u00e8cnica de Protecci\u00f3 Radiol\u00f2gica (UTPR) a Instal\u00b7lacions de Raigs X amb finalitats de radiodiagn\u00f2stic. Posteriorment despr\u00e9s d&#8217;obtenir les autoritzacions corresponents, TECNODOSIS ha anat ampliant la seva cartera de serveis per a oferir un servei integral en els seg\u00fcents sectors sanitaris: la recollida de residus biosanitaris, cursos de formaci\u00f3 homologats pel CSN, cursos de suport vital, subministrament de material per a radioprotecci\u00f3, Servei de Dosimetria Personal Externa (SDPE), autoritzat tamb\u00e9 pel CSN, gesti\u00f3 de les activitats relacionades amb la protecci\u00f3 de dades, realitzaci\u00f3 d&#8217;inscripcions -registres sanitaris, control de legionel\u00b7losi, mesures d&#8217;igualtat, organisme certificador i control de gas rad\u00f3 .<\/p>\n<p>En TECNODOSIS som un equip de professionals compromesos, especialitzats i a la disposici\u00f3 del client per a cobrir cadascuna de les seves necessitats. Ens esforcem per a oferir tots els serveis que necessita, amb l&#8217;objectiu de millorar la situaci\u00f3 de la seva instal\u00b7laci\u00f3 referent a la protecci\u00f3 radiol\u00f2gica del personal exposat, del pacient, del p\u00fablic i del medi ambient.<\/p>\n<p>La Direcci\u00f3 de TECNODOSIS expressa la seva voluntat d&#8217;establir documentalment un sistema integrat de gesti\u00f3, i d&#8217;establir els principis, marcar i revisar els objectius en mat\u00e8ria de Qualitat i Medi Ambient i garantir els recursos necessaris per a prestar un servei integral als nostres clients.<\/p>\n<p>La Direcci\u00f3 de TECNODOSIS t\u00e9 el comprom\u00eds de:<\/p>\n<p>\u2713 Millorar cont\u00ednuament l&#8217;efic\u00e0cia del sistema integrat de gesti\u00f3 optimitzant els requeriments, requisits, recursos, flexibilitat dels serveis i de la bona atenci\u00f3 dels nostres clients, aix\u00ed com l&#8217;acompliment ambiental de l&#8217;organitzaci\u00f3.<\/p>\n<p>\u2713 Assegurar una bona pr\u00e0ctica professional i la qualitat dels treballs que realitza, mitjan\u00e7ant l&#8217;optimitzaci\u00f3 dels recursos, la compet\u00e8ncia t\u00e8cnica, la motivaci\u00f3 i la formaci\u00f3 del personal i el treball en equip.<\/p>\n<p>\u2713 Oferir als clients un servei \u00f2ptim, integral i global per a donar el compliment als requisits dels nostres clients i als requisits legals i reglamentaris propis tant a nivell d&#8217;activitat com a nivell ambiental.<\/p>\n<p>\u2713 Realitzar les activitats sota condicions d&#8217;imparcialitat, independ\u00e8ncia i confidencialitat per a tot el nostre personal i els nostres col\u00b7laboradors.<\/p>\n<p>\u2713 Protegir el medi ambient i prevenir la contaminaci\u00f3 mitjan\u00e7ant l&#8217;\u00fas responsable dels recursos, la correcta gesti\u00f3 dels residus i la minimitzaci\u00f3 de les emissions derivades del transport.<\/p>\n<p>La pol\u00edtica es revisa peri\u00f2dicament per a assegurar una adequaci\u00f3 continuada amb la relaci\u00f3 amb les circumst\u00e0ncies canviants. Es comunica a tot el personal de l&#8217;organitzaci\u00f3 i est\u00e0 a la disposici\u00f3 de totes les parts interessades.<\/p>\n<p>&nbsp;<\/p>\n<p>&nbsp;<\/p>\n<p>&nbsp;<\/p>\n<p>&nbsp;<\/p>\n<p>[\/et_pb_text][\/et_pb_column][\/et_pb_row][et_pb_row column_structure=&#8221;1_2,1_2&#8243; _builder_version=&#8221;4.26.1&#8243; _module_preset=&#8221;default&#8221; global_colors_info=&#8221;{}&#8221;][et_pb_column type=&#8221;1_2&#8243; _builder_version=&#8221;4.26.1&#8243; _module_preset=&#8221;default&#8221; global_colors_info=&#8221;{}&#8221;][et_pb_text _builder_version=&#8221;4.27.4&#8243; _module_preset=&#8221;default&#8221; hover_enabled=&#8221;0&#8243; global_colors_info=&#8221;{}&#8221; sticky_enabled=&#8221;0&#8243;]<\/p>\n<p>Direcci\u00f3 General\u2002\u2002\u2002\u2002\u2002\u2002\u2002\u2002\u2002\u2002\u2002\u2002\u2002\u2002\u2002\u2002\u2002\u2002\u2002\u2002\u2002\u2002\u2002\u2002<br \/>\u00c1lex Fern\u00e1ndez<\/p>\n<p>[\/et_pb_text][\/et_pb_column][et_pb_column type=&#8221;1_2&#8243; _builder_version=&#8221;4.26.1&#8243; _module_preset=&#8221;default&#8221; global_colors_info=&#8221;{}&#8221;][et_pb_text _builder_version=&#8221;4.27.4&#8243; _module_preset=&#8221;default&#8221; hover_enabled=&#8221;0&#8243; global_colors_info=&#8221;{}&#8221; sticky_enabled=&#8221;0&#8243;]<\/p>\n<p style=\"text-align: right;\">C\u00f3di:TR-DG-009 Ed 05<\/p>\n<p style=\"text-align: right;\">19\/03\/2025<\/p>\n<p>[\/et_pb_text][\/et_pb_column][\/et_pb_row][\/et_pb_section]<\/p>\n","protected":false},"excerpt":{"rendered":"<p>Pol\u00edtica de qualitatTECNODOSIS, va obtenir l&#8217;any 1994 l&#8217;autoritzaci\u00f3 pel Consell de Seguretat Nuclear (CSN) per a prestar serveis com a Unitat T\u00e8cnica de Protecci\u00f3 Radiol\u00f2gica (UTPR) a Instal\u00b7lacions de Raigs [&hellip;]<\/p>\n","protected":false},"author":1,"featured_media":0,"parent":0,"menu_order":0,"comment_status":"closed","ping_status":"closed","template":"","meta":{"_et_pb_use_builder":"on","_et_pb_old_content":"","_et_gb_content_width":"","inline_featured_image":false,"footnotes":""},"class_list":["post-1422","page","type-page","status-publish","hentry"],"yoast_head":"<!-- This site is optimized with the Yoast SEO plugin v27.3 - https:\/\/yoast.com\/product\/yoast-seo-wordpress\/ -->\n<title>Pol\u00edtica de qualitat - UTPR<\/title>\n<meta name=\"robots\" content=\"index, follow, max-snippet:-1, max-image-preview:large, max-video-preview:-1\" \/>\n<link rel=\"canonical\" href=\"https:\/\/utpr.es\/ca\/politica-de-qualitat\/\" \/>\n<meta property=\"og:locale\" content=\"ca_ES\" \/>\n<meta property=\"og:type\" content=\"article\" \/>\n<meta property=\"og:title\" content=\"Pol\u00edtica de qualitat - UTPR\" \/>\n<meta property=\"og:description\" content=\"Pol\u00edtica de qualitatTECNODOSIS, va obtenir l&#039;any 1994 l&#039;autoritzaci\u00f3 pel Consell de Seguretat Nuclear (CSN) per a prestar serveis com a Unitat T\u00e8cnica de Protecci\u00f3 Radiol\u00f2gica (UTPR) a Instal\u00b7lacions de Raigs [&hellip;]\" \/>\n<meta property=\"og:url\" content=\"https:\/\/utpr.es\/ca\/politica-de-qualitat\/\" \/>\n<meta property=\"og:site_name\" content=\"UTPR\" \/>\n<meta property=\"article:modified_time\" content=\"2025-10-01T15:54:02+00:00\" \/>\n<meta name=\"twitter:card\" content=\"summary_large_image\" \/>\n<meta name=\"twitter:label1\" content=\"Temps estimat de lectura\" \/>\n\t<meta name=\"twitter:data1\" content=\"3 minuts\" \/>\n<script type=\"application\/ld+json\" class=\"yoast-schema-graph\">{\"@context\":\"https:\\\/\\\/schema.org\",\"@graph\":[{\"@type\":\"WebPage\",\"@id\":\"https:\\\/\\\/utpr.es\\\/ca\\\/politica-de-qualitat\\\/\",\"url\":\"https:\\\/\\\/utpr.es\\\/ca\\\/politica-de-qualitat\\\/\",\"name\":\"Pol\u00edtica de qualitat - UTPR\",\"isPartOf\":{\"@id\":\"https:\\\/\\\/utpr.es\\\/ca\\\/#website\"},\"datePublished\":\"2024-05-17T16:14:12+00:00\",\"dateModified\":\"2025-10-01T15:54:02+00:00\",\"breadcrumb\":{\"@id\":\"https:\\\/\\\/utpr.es\\\/ca\\\/politica-de-qualitat\\\/#breadcrumb\"},\"inLanguage\":\"ca\",\"potentialAction\":[{\"@type\":\"ReadAction\",\"target\":[\"https:\\\/\\\/utpr.es\\\/ca\\\/politica-de-qualitat\\\/\"]}]},{\"@type\":\"BreadcrumbList\",\"@id\":\"https:\\\/\\\/utpr.es\\\/ca\\\/politica-de-qualitat\\\/#breadcrumb\",\"itemListElement\":[{\"@type\":\"ListItem\",\"position\":1,\"name\":\"Portada\",\"item\":\"https:\\\/\\\/utpr.es\\\/ca\\\/\"},{\"@type\":\"ListItem\",\"position\":2,\"name\":\"Pol\u00edtica de qualitat\"}]},{\"@type\":\"WebSite\",\"@id\":\"https:\\\/\\\/utpr.es\\\/ca\\\/#website\",\"url\":\"https:\\\/\\\/utpr.es\\\/ca\\\/\",\"name\":\"UTPR\",\"description\":\"Unidad T&eacute;cnica de protecci&oacute;n radiol&oacute;gica\",\"potentialAction\":[{\"@type\":\"SearchAction\",\"target\":{\"@type\":\"EntryPoint\",\"urlTemplate\":\"https:\\\/\\\/utpr.es\\\/ca\\\/?s={search_term_string}\"},\"query-input\":{\"@type\":\"PropertyValueSpecification\",\"valueRequired\":true,\"valueName\":\"search_term_string\"}}],\"inLanguage\":\"ca\"}]}<\/script>\n<!-- \/ Yoast SEO plugin. -->","yoast_head_json":{"title":"Pol\u00edtica de qualitat - UTPR","robots":{"index":"index","follow":"follow","max-snippet":"max-snippet:-1","max-image-preview":"max-image-preview:large","max-video-preview":"max-video-preview:-1"},"canonical":"https:\/\/utpr.es\/ca\/politica-de-qualitat\/","og_locale":"ca_ES","og_type":"article","og_title":"Pol\u00edtica de qualitat - UTPR","og_description":"Pol\u00edtica de qualitatTECNODOSIS, va obtenir l'any 1994 l'autoritzaci\u00f3 pel Consell de Seguretat Nuclear (CSN) per a prestar serveis com a Unitat T\u00e8cnica de Protecci\u00f3 Radiol\u00f2gica (UTPR) a Instal\u00b7lacions de Raigs [&hellip;]","og_url":"https:\/\/utpr.es\/ca\/politica-de-qualitat\/","og_site_name":"UTPR","article_modified_time":"2025-10-01T15:54:02+00:00","twitter_card":"summary_large_image","twitter_misc":{"Temps estimat de lectura":"3 minuts"},"schema":{"@context":"https:\/\/schema.org","@graph":[{"@type":"WebPage","@id":"https:\/\/utpr.es\/ca\/politica-de-qualitat\/","url":"https:\/\/utpr.es\/ca\/politica-de-qualitat\/","name":"Pol\u00edtica de qualitat - UTPR","isPartOf":{"@id":"https:\/\/utpr.es\/ca\/#website"},"datePublished":"2024-05-17T16:14:12+00:00","dateModified":"2025-10-01T15:54:02+00:00","breadcrumb":{"@id":"https:\/\/utpr.es\/ca\/politica-de-qualitat\/#breadcrumb"},"inLanguage":"ca","potentialAction":[{"@type":"ReadAction","target":["https:\/\/utpr.es\/ca\/politica-de-qualitat\/"]}]},{"@type":"BreadcrumbList","@id":"https:\/\/utpr.es\/ca\/politica-de-qualitat\/#breadcrumb","itemListElement":[{"@type":"ListItem","position":1,"name":"Portada","item":"https:\/\/utpr.es\/ca\/"},{"@type":"ListItem","position":2,"name":"Pol\u00edtica de qualitat"}]},{"@type":"WebSite","@id":"https:\/\/utpr.es\/ca\/#website","url":"https:\/\/utpr.es\/ca\/","name":"UTPR","description":"Unidad T&eacute;cnica de protecci&oacute;n radiol&oacute;gica","potentialAction":[{"@type":"SearchAction","target":{"@type":"EntryPoint","urlTemplate":"https:\/\/utpr.es\/ca\/?s={search_term_string}"},"query-input":{"@type":"PropertyValueSpecification","valueRequired":true,"valueName":"search_term_string"}}],"inLanguage":"ca"}]}},"_links":{"self":[{"href":"https:\/\/utpr.es\/ca\/wp-json\/wp\/v2\/pages\/1422","targetHints":{"allow":["GET"]}}],"collection":[{"href":"https:\/\/utpr.es\/ca\/wp-json\/wp\/v2\/pages"}],"about":[{"href":"https:\/\/utpr.es\/ca\/wp-json\/wp\/v2\/types\/page"}],"author":[{"embeddable":true,"href":"https:\/\/utpr.es\/ca\/wp-json\/wp\/v2\/users\/1"}],"replies":[{"embeddable":true,"href":"https:\/\/utpr.es\/ca\/wp-json\/wp\/v2\/comments?post=1422"}],"version-history":[{"count":3,"href":"https:\/\/utpr.es\/ca\/wp-json\/wp\/v2\/pages\/1422\/revisions"}],"predecessor-version":[{"id":11661,"href":"https:\/\/utpr.es\/ca\/wp-json\/wp\/v2\/pages\/1422\/revisions\/11661"}],"wp:attachment":[{"href":"https:\/\/utpr.es\/ca\/wp-json\/wp\/v2\/media?parent=1422"}],"curies":[{"name":"wp","href":"https:\/\/api.w.org\/{rel}","templated":true}]}}